{"id":69,"date":"2018-01-28T16:13:42","date_gmt":"2018-01-28T16:13:42","guid":{"rendered":"http:\/\/ouradventureonwheels.tombourdon.co.uk\/es\/?page_id=69"},"modified":"2018-01-28T20:15:49","modified_gmt":"2018-01-28T20:15:49","slug":"mapa","status":"publish","type":"page","link":"https:\/\/ouradventureonwheels.tombourdon.co.uk\/es\/mapa\/","title":{"rendered":"Mapa"},"content":{"rendered":"<p style=\"text-align: justify;\">Aqu\u00ed ten\u00e9is el mapa con nuestro recorrido, lo iremos actualizando a medida que vayamos avanzando. Hemos marcado nuestras visitas favoritas con un coraz\u00f3n y en algunos de los lugares tambi\u00e9n ten\u00e9is recomendaciones y fotos, s\u00f3lo ten\u00e9is que clicar en lugar que quer\u00e1is ver. Tambi\u00e9n hay un men\u00fa desplegable en el icono de la flecha que hay en el t\u00edtulo del mapa.<\/p>\n\n<!-- iframe plugin v.5.1 wordpress.org\/plugins\/iframe\/ -->\n<iframe loading=\"lazy\" src=\"https:\/\/www.google.com\/maps\/d\/embed?mid=1LiYp0bjL0CDXM_vPHB2k4u6xssC8_7Gn\" width=\"100%\" height=\"500\" scrolling=\"yes\" class=\"iframe-class\" frameborder=\"0\"><\/iframe>\n\n","protected":false},"excerpt":{"rendered":"<p>Aqu\u00ed ten\u00e9is el mapa con nuestro recorrido, lo iremos actualizando a medida que vayamos avanzando. Hemos marcado nuestras visitas favoritas con un coraz\u00f3n y en algunos de los lugares tambi\u00e9n ten\u00e9is recomendaciones y fotos, s\u00f3lo ten\u00e9is que clicar en lugar <a href=\"https:\/\/ouradventureonwheels.tombourdon.co.uk\/es\/mapa\/\"> Read more&#8230;<\/a><\/p>\n","protected":false},"author":1,"featured_media":0,"parent":0,"menu_order":0,"comment_status":"closed","ping_status":"closed","template":"","meta":{"footnotes":""},"class_list":["post-69","page","type-page","status-publish","hentry"],"post_mailing_queue_ids":[],"_links":{"self":[{"href":"https:\/\/ouradventureonwheels.tombourdon.co.uk\/es\/wp-json\/wp\/v2\/pages\/69","targetHints":{"allow":["GET"]}}],"collection":[{"href":"https:\/\/ouradventureonwheels.tombourdon.co.uk\/es\/wp-json\/wp\/v2\/pages"}],"about":[{"href":"https:\/\/ouradventureonwheels.tombourdon.co.uk\/es\/wp-json\/wp\/v2\/types\/page"}],"author":[{"embeddable":true,"href":"https:\/\/ouradventureonwheels.tombourdon.co.uk\/es\/wp-json\/wp\/v2\/users\/1"}],"replies":[{"embeddable":true,"href":"https:\/\/ouradventureonwheels.tombourdon.co.uk\/es\/wp-json\/wp\/v2\/comments?post=69"}],"version-history":[{"count":7,"href":"https:\/\/ouradventureonwheels.tombourdon.co.uk\/es\/wp-json\/wp\/v2\/pages\/69\/revisions"}],"predecessor-version":[{"id":187,"href":"https:\/\/ouradventureonwheels.tombourdon.co.uk\/es\/wp-json\/wp\/v2\/pages\/69\/revisions\/187"}],"wp:attachment":[{"href":"https:\/\/ouradventureonwheels.tombourdon.co.uk\/es\/wp-json\/wp\/v2\/media?parent=69"}],"curies":[{"name":"wp","href":"https:\/\/api.w.org\/{rel}","templated":true}]}}