{"id":8,"date":"2018-01-28T14:39:15","date_gmt":"2018-01-28T14:39:15","guid":{"rendered":"http:\/\/ouradventureonwheels.tombourdon.co.uk\/?page_id=8"},"modified":"2018-01-28T18:41:37","modified_gmt":"2018-01-28T18:41:37","slug":"about","status":"publish","type":"page","link":"https:\/\/ouradventureonwheels.tombourdon.co.uk\/es\/about\/","title":{"rendered":"Sobre Nosotros"},"content":{"rendered":"<p style=\"text-align: justify;\">Hola, soy Shiba, la preciosa rubia de la foto. Los otros dos son Tom y Roc\u00edo, mis mejores amigos humanos, la verdad es que est\u00e1n un poco loquitos pero me divierto mucho con ellos. Como muchos de vosotros nos hab\u00e9is pedido que os mantengamos informados de nuestros pasos, hemos pensado que la mejor manera es a trav\u00e9s de este blog.<\/p>\n<p style=\"text-align: justify;\">Por si aterriza por aqu\u00ed alguien que no nos conoce, os explico un poquito m\u00e1s sobre nosotros&#8230;<\/p>\n<p style=\"text-align: justify;\">Tom naci\u00f3 en el bonito pueblo de Eastbourne, en el sur de Inglaterra, empez\u00f3 a viajar con 18 a\u00f1os y su pasi\u00f3n por la fotograf\u00eda le ha llevado a rincones incre\u00edbles de nuestro planeta. Su trabajo est\u00e1 especializado en celebraciones y tradiciones, siempre con el objetivo de captar y transmitir la esencia de las personas y explicar las historias que hay detr\u00e1s de cada momento. Si os gusta la fotograf\u00eda, le pod\u00e9is seguir a trav\u00e9s de su blog\u00a0<a href=\"http:\/\/tombourdon.co.uk\/\" target=\"_blank\" rel=\"noopener\">Tom Bourdon Photography<\/a>. No os perd\u00e1is mis retratos, salgo mon\u00edsima!<\/p>\n<p style=\"text-align: justify;\">Roc\u00edo, la de los rizos, es catalana\u00a0como yo. Es la m\u00e1s loquita de los tres y, adem\u00e1s de que le encanta viajar, organiza viajes para gente que quiere disfrutar de Espa\u00f1a de una manera diferente. La verdad es que se lo toma en serio y sus clientes siempre se van muy contentos, y eso que se van sin conocerme a m\u00ed! Si quer\u00e9is saber m\u00e1s sobre las experiencias que organiza, pod\u00e9is visitar sus webs <a href=\"http:\/\/www.3els.com\/\" target=\"_blank\" rel=\"noopener\">3e Luxury Services<\/a> y <a href=\"http:\/\/www.3els.com\/drops\/\" target=\"_blank\" rel=\"noopener\">Drops of Luxury<\/a>!<\/p>\n<p style=\"text-align: justify;\">La del fondo de la foto es nuestra casa, una autocaravana americana de 1994, tiene todo lo que necesitamos y nos encanta. Adem\u00e1s, cada d\u00eda tenemos un jard\u00edn y unas vistas diferentes.<\/p>\n<p style=\"text-align: justify;\">Y ya s\u00f3lo quedo yo, que os voy a explicar de mi&#8230; \u00a1Pues que soy adorable y que me comen a besos todos los d\u00edas! \u00a1Espero que os gusten nuestras aventuras!<\/p>\n","protected":false},"excerpt":{"rendered":"<p>Hola, soy Shiba, la preciosa rubia de la foto. Los otros dos son Tom y Roc\u00edo, mis mejores amigos humanos, la verdad es que est\u00e1n un poco loquitos pero me divierto mucho con ellos. Como muchos de vosotros nos hab\u00e9is <a href=\"https:\/\/ouradventureonwheels.tombourdon.co.uk\/es\/about\/\"> Read more&#8230;<\/a><\/p>\n","protected":false},"author":1,"featured_media":84,"parent":0,"menu_order":0,"comment_status":"closed","ping_status":"closed","template":"template-right-sidebar.php","meta":{"footnotes":""},"class_list":["post-8","page","type-page","status-publish","has-post-thumbnail","hentry"],"post_mailing_queue_ids":[],"_links":{"self":[{"href":"https:\/\/ouradventureonwheels.tombourdon.co.uk\/es\/wp-json\/wp\/v2\/pages\/8","targetHints":{"allow":["GET"]}}],"collection":[{"href":"https:\/\/ouradventureonwheels.tombourdon.co.uk\/es\/wp-json\/wp\/v2\/pages"}],"about":[{"href":"https:\/\/ouradventureonwheels.tombourdon.co.uk\/es\/wp-json\/wp\/v2\/types\/page"}],"author":[{"embeddable":true,"href":"https:\/\/ouradventureonwheels.tombourdon.co.uk\/es\/wp-json\/wp\/v2\/users\/1"}],"replies":[{"embeddable":true,"href":"https:\/\/ouradventureonwheels.tombourdon.co.uk\/es\/wp-json\/wp\/v2\/comments?post=8"}],"version-history":[{"count":6,"href":"https:\/\/ouradventureonwheels.tombourdon.co.uk\/es\/wp-json\/wp\/v2\/pages\/8\/revisions"}],"predecessor-version":[{"id":139,"href":"https:\/\/ouradventureonwheels.tombourdon.co.uk\/es\/wp-json\/wp\/v2\/pages\/8\/revisions\/139"}],"wp:featuredmedia":[{"embeddable":true,"href":"https:\/\/ouradventureonwheels.tombourdon.co.uk\/es\/wp-json\/wp\/v2\/media\/84"}],"wp:attachment":[{"href":"https:\/\/ouradventureonwheels.tombourdon.co.uk\/es\/wp-json\/wp\/v2\/media?parent=8"}],"curies":[{"name":"wp","href":"https:\/\/api.w.org\/{rel}","templated":true}]}}